{"id":13,"date":"2020-08-26T02:55:52","date_gmt":"2020-08-26T02:55:52","guid":{"rendered":"http:\/\/4xp.3ff.mywebsitetransfer.com\/?page_id=13"},"modified":"2025-04-23T00:27:09","modified_gmt":"2025-04-23T00:27:09","slug":"quienes-somos","status":"publish","type":"page","link":"https:\/\/psgpublicidad.com\/","title":{"rendered":"PSG"},"content":{"rendered":"\t\t<div data-elementor-type=\"wp-page\" data-elementor-id=\"13\" class=\"elementor elementor-13\">\n\t\t\t\t\t\t<section class=\"elementor-section elementor-top-section elementor-element elementor-element-657d2bf0 elementor-section-boxed elementor-section-height-default elementor-section-height-default\" data-id=\"657d2bf0\" data-element_type=\"section\" data-e-type=\"section\">\n\t\t\t\t\t\t<div class=\"elementor-container elementor-column-gap-default\">\n\t\t\t\t\t<div class=\"elementor-column elementor-col-100 elementor-top-column elementor-element elementor-element-3d7f99ad\" data-id=\"3d7f99ad\" data-element_type=\"column\" data-e-type=\"column\">\n\t\t\t<div class=\"elementor-widget-wrap elementor-element-populated\">\n\t\t\t\t\t\t<div class=\"elementor-element elementor-element-244a01 elementor-drop-cap-yes elementor-drop-cap-view-default elementor-widget elementor-widget-text-editor\" data-id=\"244a01\" data-element_type=\"widget\" data-e-type=\"widget\" id=\"particulas\" data-settings=\"{&quot;drop_cap&quot;:&quot;yes&quot;}\" data-widget_type=\"text-editor.default\">\n\t\t\t\t<div class=\"elementor-widget-container\">\n\t\t\t\t\t\t\t\t\t<div class=\"wp-block-image\">\n<h4 class=\"aligncenter size-large\"><img fetchpriority=\"high\" decoding=\"async\" class=\"alignnone wp-image-1447 size-full\" src=\"https:\/\/psgpublicidad.com\/wp-content\/uploads\/2023\/08\/13.jpg\" alt=\"\" width=\"2310\" height=\"1457\" srcset=\"https:\/\/psgpublicidad.com\/wp-content\/uploads\/2023\/08\/13.jpg 2310w, https:\/\/psgpublicidad.com\/wp-content\/uploads\/2023\/08\/13-300x189.jpg 300w, https:\/\/psgpublicidad.com\/wp-content\/uploads\/2023\/08\/13-1024x646.jpg 1024w, https:\/\/psgpublicidad.com\/wp-content\/uploads\/2023\/08\/13-768x484.jpg 768w, https:\/\/psgpublicidad.com\/wp-content\/uploads\/2023\/08\/13-1536x969.jpg 1536w, https:\/\/psgpublicidad.com\/wp-content\/uploads\/2023\/08\/13-2048x1292.jpg 2048w\" sizes=\"(max-width: 2310px) 100vw, 2310px\" \/><\/h4>\n<\/div>\n<p><!-- \/wp:image --><!-- wp:paragraph --><\/p>\n<p><strong><em>PANAMA SOLUTIONS GROUP<\/em><\/strong><\/p>\n<p><!-- \/wp:paragraph --><!-- wp:paragraph --><\/p>\n<p>Somos un grupo de profesionales con m\u00e1s de 20 a\u00f1os ofreciendo a nuestros clientes un servicio de calidad en el \u00e1rea de Publicidad, Mercadeo, Dise\u00f1o Gr\u00e1fico y Soporte T\u00e9cnico. Nuestro mayor compromiso es lograr la satisfacci\u00f3n de cada uno de nuestros clientes en todo servicio o producto brindado.\u00a0 Ajust\u00e1ndonos a sus necesidades y presupuesto.<\/p>\n<p><!-- \/wp:paragraph --><!-- wp:paragraph --><\/p>\n<p>Nos especializamos en la producci\u00f3n de revistas exclusivas para empresas, asociaciones, organizaciones y ofrecemos servicios de publicidad, relaciones p\u00fablicas y mercadeo.<\/p>\n<p><!-- \/wp:paragraph --><!-- wp:columns --><\/p>\n<div class=\"wp-block-columns\">\n<p><!-- wp:column --><\/p>\n<div class=\"wp-block-column\">\n<p><!-- wp:preformatted --><\/p>\n<pre class=\"wp-block-preformatted\">MISI\u00d3N<\/pre>\n<p><!-- \/wp:preformatted --><!-- wp:heading {\"level\":5} --><\/p>\n<ul>\n<li>Nuestra raz\u00f3n de ser es generar y crear soluciones integrales en comunicaci\u00f3n, Publicidad Marketing y Soporte T\u00e9cnico.\u00a0 \u00a0 \u00a0 \u00a0 \u00a0 \u00a0 \u00a0 \u00a0 \u00a0 \u00a0 \u00a0 \u00a0 \u00a0 \u00a0 \u00a0 \u00a0\u00a0<\/li>\n<li>Para lograr nuestro objetivo nos adecuamos a las necesidades del cliente y de esta manera logramos el \u00e9xito en cada trabajo que desarrollamos con el profesionalismo y seriedad precisa a lo largo de estos 21 a\u00f1os.<\/li>\n<\/ul>\n<p><!-- \/wp:html --><\/p>\n<\/div>\n<p><!-- \/wp:column --><!-- wp:column --><\/p>\n<div class=\"wp-block-column\">\n<p><!-- wp:preformatted --><\/p>\n<pre class=\"wp-block-preformatted\">VISION<\/pre>\n<p><!-- \/wp:preformatted --><!-- wp:heading {\"level\":5} --><\/p>\n<ul>\n<li>Ser la empresa l\u00edder en la presentaci\u00f3n de servicios y soluciones\u00a0 integrales en\u00a0 comunicaci\u00f3n y soporte t\u00e9cnico. Siempre cumpliendo con\u00a0 los m\u00e1s altos par\u00e1metros de calidad<\/li>\n<li>\u00a0<\/li>\n<li>Contando con un conocimiento\u00a0 amplio del entorno empresarial aplic\u00e1ndolo en el desarrollo y\u00a0 crecimiento\u00a0 constante que\u00a0 \u00a0 tiene el mundo de la\u00a0 publicidad y tecnolog\u00eda.<\/li>\n<\/ul>\n<p><!-- \/wp:html --><\/p>\n<\/div>\n<p><!-- \/wp:column --><\/p>\n<\/div>\n<p><!-- \/wp:columns --><!-- wp:heading {\"level\":4} --><\/p>\n<h4>PARA TODO HAY SOLUCI\u00d3N<\/h4>\n<p><!-- \/wp:heading --><!-- wp:heading --><\/p>\n<h2>CON\u00d3ZCANOS<\/h2>\n<p><!-- \/wp:heading --><!-- wp:columns --><\/p>\n<div class=\"wp-block-columns\">\n<p><!-- wp:column --><\/p>\n<div class=\"wp-block-column\">\n<p><!-- wp:gallery {\"ids\":[88]} --><\/p>\n<figure class=\"wp-block-gallery columns-1 is-cropped\">\n<ul class=\"blocks-gallery-grid\">\n<li class=\"blocks-gallery-item\">\n<figure><img decoding=\"async\" width=\"1024\" height=\"690\" class=\"wp-image-88\" src=\"https:\/\/psgpublicidad.com\/wp-content\/uploads\/2020\/09\/1.Publicidad-1024x690.png\" alt=\"\" data-id=\"88\" data-full-url=\"https:\/\/psgpublicidad.com\/wp-content\/uploads\/2020\/09\/1.Publicidad.png\" data-link=\"https:\/\/psgpublicidad.com\/quienes-somos\/attachment\/1-publicidad\/\" srcset=\"https:\/\/psgpublicidad.com\/wp-content\/uploads\/2020\/09\/1.Publicidad-1024x690.png 1024w, https:\/\/psgpublicidad.com\/wp-content\/uploads\/2020\/09\/1.Publicidad-300x202.png 300w, https:\/\/psgpublicidad.com\/wp-content\/uploads\/2020\/09\/1.Publicidad-768x518.png 768w, https:\/\/psgpublicidad.com\/wp-content\/uploads\/2020\/09\/1.Publicidad-1536x1035.png 1536w, https:\/\/psgpublicidad.com\/wp-content\/uploads\/2020\/09\/1.Publicidad.png 1783w\" sizes=\"(max-width: 1024px) 100vw, 1024px\" \/><\/figure>\n<\/li>\n<\/ul>\n<figcaption class=\"blocks-gallery-caption\"><strong>\u00a0 \u00a0 \u00a0 \u00a0 \u00a0 \u00a0 \u00a0 \u00a0Publicidad<\/strong><\/figcaption>\n<\/figure>\n<p><!-- \/wp:gallery --><\/p>\n<\/div>\n<p><!-- \/wp:column --><!-- wp:column --><\/p>\n<div class=\"wp-block-column\">\n<p><!-- wp:gallery {\"ids\":[90]} --><\/p>\n<figure class=\"wp-block-gallery columns-1 is-cropped\">\n<ul class=\"blocks-gallery-grid\">\n<li class=\"blocks-gallery-item\">\n<figure><img decoding=\"async\" width=\"1024\" height=\"690\" class=\"wp-image-90\" src=\"https:\/\/psgpublicidad.com\/wp-content\/uploads\/2020\/09\/2.Mercadeo-1024x690.png\" alt=\"\" data-id=\"90\" data-full-url=\"https:\/\/psgpublicidad.com\/wp-content\/uploads\/2020\/09\/2.Mercadeo.png\" data-link=\"https:\/\/psgpublicidad.com\/quienes-somos\/attachment\/2-mercadeo\/\" srcset=\"https:\/\/psgpublicidad.com\/wp-content\/uploads\/2020\/09\/2.Mercadeo-1024x690.png 1024w, https:\/\/psgpublicidad.com\/wp-content\/uploads\/2020\/09\/2.Mercadeo-300x202.png 300w, https:\/\/psgpublicidad.com\/wp-content\/uploads\/2020\/09\/2.Mercadeo-768x518.png 768w, https:\/\/psgpublicidad.com\/wp-content\/uploads\/2020\/09\/2.Mercadeo-1536x1035.png 1536w, https:\/\/psgpublicidad.com\/wp-content\/uploads\/2020\/09\/2.Mercadeo.png 1783w\" sizes=\"(max-width: 1024px) 100vw, 1024px\" \/><\/figure>\n<\/li>\n<\/ul>\n<figcaption class=\"blocks-gallery-caption\"><strong>\u00a0 \u00a0 \u00a0 \u00a0 \u00a0 \u00a0 \u00a0 \u00a0 Mercadeo<\/strong><\/figcaption>\n<\/figure>\n<p><!-- \/wp:gallery --><\/p>\n<\/div>\n<p><!-- \/wp:column --><!-- wp:column --><\/p>\n<div class=\"wp-block-column\">\n<p><!-- wp:gallery {\"ids\":[91]} --><\/p>\n<figure class=\"wp-block-gallery columns-1 is-cropped\">\n<ul class=\"blocks-gallery-grid\">\n<li class=\"blocks-gallery-item\">\n<figure><img loading=\"lazy\" decoding=\"async\" width=\"1024\" height=\"690\" class=\"wp-image-91\" src=\"https:\/\/psgpublicidad.com\/wp-content\/uploads\/2020\/09\/3.Relaciones-publicas-1024x690.png\" alt=\"\" data-id=\"91\" data-full-url=\"https:\/\/psgpublicidad.com\/wp-content\/uploads\/2020\/09\/3.Relaciones-publicas.png\" data-link=\"https:\/\/psgpublicidad.com\/quienes-somos\/attachment\/3-relaciones-publicas\/\" srcset=\"https:\/\/psgpublicidad.com\/wp-content\/uploads\/2020\/09\/3.Relaciones-publicas-1024x690.png 1024w, https:\/\/psgpublicidad.com\/wp-content\/uploads\/2020\/09\/3.Relaciones-publicas-300x202.png 300w, https:\/\/psgpublicidad.com\/wp-content\/uploads\/2020\/09\/3.Relaciones-publicas-768x518.png 768w, https:\/\/psgpublicidad.com\/wp-content\/uploads\/2020\/09\/3.Relaciones-publicas-1536x1035.png 1536w, https:\/\/psgpublicidad.com\/wp-content\/uploads\/2020\/09\/3.Relaciones-publicas.png 1783w\" sizes=\"(max-width: 1024px) 100vw, 1024px\" \/><\/figure>\n<\/li>\n<\/ul>\n<figcaption class=\"blocks-gallery-caption\"><strong>\u00a0 \u00a0 \u00a0 \u00a0 Relaciones P\u00fablicas<\/strong><\/figcaption>\n<\/figure>\n<p><!-- \/wp:gallery --><\/p>\n<\/div>\n<p><!-- \/wp:column --><!-- wp:column --><\/p>\n<div class=\"wp-block-column\">\n<p><!-- wp:gallery {\"ids\":[92]} --><\/p>\n<figure class=\"wp-block-gallery columns-1 is-cropped\">\n<ul class=\"blocks-gallery-grid\">\n<li class=\"blocks-gallery-item\">\n<figure><img loading=\"lazy\" decoding=\"async\" width=\"1024\" height=\"693\" class=\"wp-image-92\" src=\"https:\/\/psgpublicidad.com\/wp-content\/uploads\/2020\/09\/4.Tecnologia-1024x693.png\" alt=\"\" data-id=\"92\" data-full-url=\"https:\/\/psgpublicidad.com\/wp-content\/uploads\/2020\/09\/4.Tecnologia.png\" data-link=\"https:\/\/psgpublicidad.com\/quienes-somos\/attachment\/4-tecnologia\/\" srcset=\"https:\/\/psgpublicidad.com\/wp-content\/uploads\/2020\/09\/4.Tecnologia-1024x693.png 1024w, https:\/\/psgpublicidad.com\/wp-content\/uploads\/2020\/09\/4.Tecnologia-300x203.png 300w, https:\/\/psgpublicidad.com\/wp-content\/uploads\/2020\/09\/4.Tecnologia-768x519.png 768w, https:\/\/psgpublicidad.com\/wp-content\/uploads\/2020\/09\/4.Tecnologia-1536x1039.png 1536w, https:\/\/psgpublicidad.com\/wp-content\/uploads\/2020\/09\/4.Tecnologia.png 1783w\" sizes=\"(max-width: 1024px) 100vw, 1024px\" \/><\/figure>\n<\/li>\n<\/ul>\n<figcaption class=\"blocks-gallery-caption\"><strong>\u00a0 \u00a0 \u00a0 \u00a0 \u00a0 \u00a0 \u00a0 \u00a0Tecnolog\u00eda<\/strong><\/figcaption>\n<\/figure>\n<p><!-- \/wp:gallery --><\/p>\n<\/div>\n<p>\u00a0 \u00a0<!-- \/wp:column --><\/p>\n<\/div>\n<p><!-- \/wp:columns --><\/p>\t\t\t\t\t\t\t\t<\/div>\n\t\t\t\t<\/div>\n\t\t\t\t\t<\/div>\n\t\t<\/div>\n\t\t\t\t\t<\/div>\n\t\t<\/section>\n\t\t\t\t<section class=\"elementor-section elementor-top-section elementor-element elementor-element-2317aec elementor-section-boxed elementor-section-height-default elementor-section-height-default\" data-id=\"2317aec\" data-element_type=\"section\" data-e-type=\"section\">\n\t\t\t\t\t\t<div class=\"elementor-container elementor-column-gap-default\">\n\t\t\t\t\t<div class=\"elementor-column elementor-col-100 elementor-top-column elementor-element elementor-element-2d39826\" data-id=\"2d39826\" data-element_type=\"column\" data-e-type=\"column\">\n\t\t\t<div class=\"elementor-widget-wrap\">\n\t\t\t\t\t\t\t<\/div>\n\t\t<\/div>\n\t\t\t\t\t<\/div>\n\t\t<\/section>\n\t\t\t\t<\/div>\n\t\t","protected":false},"excerpt":{"rendered":"<p>PANAMA SOLUTIONS GROUP Somos un grupo de profesionales con m\u00e1s de 20 a\u00f1os ofreciendo a<\/p>\n","protected":false},"author":1,"featured_media":0,"parent":0,"menu_order":1,"comment_status":"closed","ping_status":"closed","template":"","meta":{"footnotes":""},"class_list":["post-13","page","type-page","status-publish","hentry"],"_links":{"self":[{"href":"https:\/\/psgpublicidad.com\/index.php?rest_route=\/wp\/v2\/pages\/13","targetHints":{"allow":["GET"]}}],"collection":[{"href":"https:\/\/psgpublicidad.com\/index.php?rest_route=\/wp\/v2\/pages"}],"about":[{"href":"https:\/\/psgpublicidad.com\/index.php?rest_route=\/wp\/v2\/types\/page"}],"author":[{"embeddable":true,"href":"https:\/\/psgpublicidad.com\/index.php?rest_route=\/wp\/v2\/users\/1"}],"replies":[{"embeddable":true,"href":"https:\/\/psgpublicidad.com\/index.php?rest_route=%2Fwp%2Fv2%2Fcomments&post=13"}],"version-history":[{"count":85,"href":"https:\/\/psgpublicidad.com\/index.php?rest_route=\/wp\/v2\/pages\/13\/revisions"}],"predecessor-version":[{"id":2812,"href":"https:\/\/psgpublicidad.com\/index.php?rest_route=\/wp\/v2\/pages\/13\/revisions\/2812"}],"wp:attachment":[{"href":"https:\/\/psgpublicidad.com\/index.php?rest_route=%2Fwp%2Fv2%2Fmedia&parent=13"}],"curies":[{"name":"wp","href":"https:\/\/api.w.org\/{rel}","templated":true}]}}